{"id":4871,"date":"2025-10-29T12:45:52","date_gmt":"2025-10-29T12:45:52","guid":{"rendered":"https:\/\/moukat.store\/?post_type=product&#038;p=4871"},"modified":"2025-10-29T12:45:52","modified_gmt":"2025-10-29T12:45:52","slug":"les-futures-maitres","status":"publish","type":"product","link":"https:\/\/moukat.store\/index.php\/product\/les-futures-maitres\/","title":{"rendered":"LES FUTURES M\u00c2ITRES"},"content":{"rendered":"","protected":false},"excerpt":{"rendered":"<p>\u00ab LES FUTURS MA\u00ceTRES \u00bb est un texte de tout \u00e2ge. Il permet aux enfants, aux jeunes : gar\u00e7ons et filles et m\u00eame aux adultes de conna\u00eetre leurs valeurs et ouvre aux parents une forme de communication avec leurs enfants.<\/p>\n<p>Auteur <strong>SEYNI DIOP DIENG<\/strong><\/p>\n","protected":false},"featured_media":4851,"comment_status":"open","ping_status":"closed","template":"","meta":{"content-type":"","_monsterinsights_skip_tracking":false,"_monsterinsights_sitenote_active":false,"_monsterinsights_sitenote_note":"","_monsterinsights_sitenote_category":0},"product_brand":[],"product_cat":[15],"product_tag":[],"class_list":{"0":"post-4871","1":"product","2":"type-product","3":"status-publish","4":"has-post-thumbnail","6":"product_cat-livre-jeunesse","8":"first","9":"instock","10":"taxable","11":"shipping-taxable","12":"purchasable","13":"product-type-simple"},"aioseo_notices":[],"jetpack_sharing_enabled":true,"_links":{"self":[{"href":"https:\/\/moukat.store\/index.php\/wp-json\/wp\/v2\/product\/4871","targetHints":{"allow":["GET"]}}],"collection":[{"href":"https:\/\/moukat.store\/index.php\/wp-json\/wp\/v2\/product"}],"about":[{"href":"https:\/\/moukat.store\/index.php\/wp-json\/wp\/v2\/types\/product"}],"replies":[{"embeddable":true,"href":"https:\/\/moukat.store\/index.php\/wp-json\/wp\/v2\/comments?post=4871"}],"wp:featuredmedia":[{"embeddable":true,"href":"https:\/\/moukat.store\/index.php\/wp-json\/wp\/v2\/media\/4851"}],"wp:attachment":[{"href":"https:\/\/moukat.store\/index.php\/wp-json\/wp\/v2\/media?parent=4871"}],"wp:term":[{"taxonomy":"product_brand","embeddable":true,"href":"https:\/\/moukat.store\/index.php\/wp-json\/wp\/v2\/product_brand?post=4871"},{"taxonomy":"product_cat","embeddable":true,"href":"https:\/\/moukat.store\/index.php\/wp-json\/wp\/v2\/product_cat?post=4871"},{"taxonomy":"product_tag","embeddable":true,"href":"https:\/\/moukat.store\/index.php\/wp-json\/wp\/v2\/product_tag?post=4871"}],"curies":[{"name":"wp","href":"https:\/\/api.w.org\/{rel}","templated":true}]}}