{"id":5647,"date":"2025-11-06T14:22:40","date_gmt":"2025-11-06T14:22:40","guid":{"rendered":"https:\/\/moukat.store\/?post_type=product&#038;p=5647"},"modified":"2025-11-14T14:13:26","modified_gmt":"2025-11-14T14:13:26","slug":"fiches-techniques-chimi-seconde-s","status":"publish","type":"product","link":"https:\/\/moukat.store\/index.php\/product\/fiches-techniques-chimi-seconde-s\/","title":{"rendered":"FICHES TECHNIQUES CHIMI Seconde S"},"content":{"rendered":"","protected":false},"excerpt":{"rendered":"<p>Auteur IBRAHIMA SAKHO<\/p>\n<p>Ce manuel intitul\u00e9 \u00ab Fiches Techniques, Chimie Seconde S \u00bb est conforme au programme de Sciences physiques en vigueur de la classe de Seconde Scientifique. Dans sa structuration, cet ouvrage comporte 50 Fiches Techniques, 39 exercices \u00e0 caract\u00e8re exp\u00e9rimental et 23 exercices de savoir-faire th\u00e9orique. Les fiches techniques ont toutes la m\u00eame typologie d\u00e9clin\u00e9e en terme de : protocole exp\u00e9rimental, observations, interpr\u00e9tation et conclusion. Ce qui permet \u00e0 l&rsquo;\u00e9l\u00e8ve d&rsquo;acqu\u00e9rir les comp\u00e9tences de savoir-faire pratique devant lui faciliter d&rsquo;adopter une d\u00e9marche scientifique Les exercices \u00e0 caract\u00e8re exp\u00e9rimental et de savoir-faire th\u00e9orique propose, viennent en appoint aux Fiches Techniques et permettent \u00e0 l\u2019\u00e9l\u00e8ve de s&rsquo;auto-\u00e9valuer.<\/p>\n","protected":false},"featured_media":5278,"comment_status":"open","ping_status":"closed","template":"","meta":{"content-type":"","_monsterinsights_skip_tracking":false,"_monsterinsights_sitenote_active":false,"_monsterinsights_sitenote_note":"","_monsterinsights_sitenote_category":0},"product_brand":[],"product_cat":[197],"product_tag":[],"class_list":{"0":"post-5647","1":"product","2":"type-product","3":"status-publish","4":"has-post-thumbnail","6":"product_cat-livre_scolaire","8":"first","9":"instock","10":"taxable","11":"shipping-taxable","12":"purchasable","13":"product-type-simple"},"aioseo_notices":[],"jetpack_sharing_enabled":true,"_links":{"self":[{"href":"https:\/\/moukat.store\/index.php\/wp-json\/wp\/v2\/product\/5647","targetHints":{"allow":["GET"]}}],"collection":[{"href":"https:\/\/moukat.store\/index.php\/wp-json\/wp\/v2\/product"}],"about":[{"href":"https:\/\/moukat.store\/index.php\/wp-json\/wp\/v2\/types\/product"}],"replies":[{"embeddable":true,"href":"https:\/\/moukat.store\/index.php\/wp-json\/wp\/v2\/comments?post=5647"}],"wp:featuredmedia":[{"embeddable":true,"href":"https:\/\/moukat.store\/index.php\/wp-json\/wp\/v2\/media\/5278"}],"wp:attachment":[{"href":"https:\/\/moukat.store\/index.php\/wp-json\/wp\/v2\/media?parent=5647"}],"wp:term":[{"taxonomy":"product_brand","embeddable":true,"href":"https:\/\/moukat.store\/index.php\/wp-json\/wp\/v2\/product_brand?post=5647"},{"taxonomy":"product_cat","embeddable":true,"href":"https:\/\/moukat.store\/index.php\/wp-json\/wp\/v2\/product_cat?post=5647"},{"taxonomy":"product_tag","embeddable":true,"href":"https:\/\/moukat.store\/index.php\/wp-json\/wp\/v2\/product_tag?post=5647"}],"curies":[{"name":"wp","href":"https:\/\/api.w.org\/{rel}","templated":true}]}}