{"id":5737,"date":"2025-11-07T22:03:57","date_gmt":"2025-11-07T22:03:57","guid":{"rendered":"https:\/\/moukat.store\/?post_type=product&#038;p=5737"},"modified":"2025-11-17T00:01:23","modified_gmt":"2025-11-17T00:01:23","slug":"boori-la-vache-perdue","status":"publish","type":"product","link":"https:\/\/moukat.store\/index.php\/product\/boori-la-vache-perdue\/","title":{"rendered":"BOORI LA VACHE PERDUE"},"content":{"rendered":"","protected":false},"excerpt":{"rendered":"<p><span style=\"font-weight: 400;\">Auteur <\/span><b>MAMADOU SAMB<\/b><\/p>\n<p>Ce conte met en sc\u00e8ne un jeu ne gar\u00e7on vivant dans un univers r\u00e9el, dont la vie est boulevers\u00e9e quand apparaissent tout \u00e0 coup des ph\u00e9nom\u00e8nes surnaturels ou merveilleux faisant fi du temps et de l&rsquo;espace. Une \u00abtransgression\u00bb o\u00f9 l&rsquo;auteur brise le r\u00e9el pour y ins\u00e9rer des \u00e9l\u00e9ments fantastiques.<br \/>\nCe conte transgresse le r\u00e9el en se r\u00e9f\u00e9rant au surnaturel, \u00e0 l&rsquo;imaginaire comme dans un r\u00eave o\u00f9 la notion de temps et d&rsquo;espace se confond \u00e0 u ne science-fiction.<br \/>\nDans un r\u00e9cit fantastique, les ph\u00e9nom\u00e8nes surnaturels sont accept\u00e9s d&#8217;embl\u00e9e et consid\u00e9r\u00e9s comme \u00e9tant compl\u00e8tement normaux.<br \/>\nCela veut dire qu&rsquo;on raconte u ne histoire qui semble banale o\u00f9 tout est cr\u00e9dible, puis tout d&rsquo;un coup, il y a un \u00e9l\u00e9ment qui d\u00e9roge \u00e0 la r\u00e8gle de la logique et qui normalement met l&rsquo;enfant dans un u nivers o\u00f9 il s&rsquo;interroge et met en branle tous ses sens pour rester dans l&rsquo;u nivers du conte.<\/p>\n","protected":false},"featured_media":6272,"comment_status":"open","ping_status":"closed","template":"","meta":{"content-type":"","_monsterinsights_skip_tracking":false,"_monsterinsights_sitenote_active":false,"_monsterinsights_sitenote_note":"","_monsterinsights_sitenote_category":0},"product_brand":[],"product_cat":[198],"product_tag":[],"class_list":{"0":"post-5737","1":"product","2":"type-product","3":"status-publish","4":"has-post-thumbnail","6":"product_cat-livre-_de_conte","8":"first","9":"instock","10":"taxable","11":"shipping-taxable","12":"purchasable","13":"product-type-simple"},"aioseo_notices":[],"jetpack_sharing_enabled":true,"_links":{"self":[{"href":"https:\/\/moukat.store\/index.php\/wp-json\/wp\/v2\/product\/5737","targetHints":{"allow":["GET"]}}],"collection":[{"href":"https:\/\/moukat.store\/index.php\/wp-json\/wp\/v2\/product"}],"about":[{"href":"https:\/\/moukat.store\/index.php\/wp-json\/wp\/v2\/types\/product"}],"replies":[{"embeddable":true,"href":"https:\/\/moukat.store\/index.php\/wp-json\/wp\/v2\/comments?post=5737"}],"wp:featuredmedia":[{"embeddable":true,"href":"https:\/\/moukat.store\/index.php\/wp-json\/wp\/v2\/media\/6272"}],"wp:attachment":[{"href":"https:\/\/moukat.store\/index.php\/wp-json\/wp\/v2\/media?parent=5737"}],"wp:term":[{"taxonomy":"product_brand","embeddable":true,"href":"https:\/\/moukat.store\/index.php\/wp-json\/wp\/v2\/product_brand?post=5737"},{"taxonomy":"product_cat","embeddable":true,"href":"https:\/\/moukat.store\/index.php\/wp-json\/wp\/v2\/product_cat?post=5737"},{"taxonomy":"product_tag","embeddable":true,"href":"https:\/\/moukat.store\/index.php\/wp-json\/wp\/v2\/product_tag?post=5737"}],"curies":[{"name":"wp","href":"https:\/\/api.w.org\/{rel}","templated":true}]}}