{"id":5742,"date":"2025-11-07T22:39:31","date_gmt":"2025-11-07T22:39:31","guid":{"rendered":"https:\/\/moukat.store\/?post_type=product&#038;p=5742"},"modified":"2025-11-16T02:53:55","modified_gmt":"2025-11-16T02:53:55","slug":"lecharpe-des-jumelles","status":"publish","type":"product","link":"https:\/\/moukat.store\/index.php\/product\/lecharpe-des-jumelles\/","title":{"rendered":"L&rsquo;\u00c9CHARPE DES JUMELLES"},"content":{"rendered":"","protected":false},"excerpt":{"rendered":"<p><span style=\"font-weight: 400;\">Auteur <\/span><b>MAMADOU SAMB<\/b><\/p>\n<p>Le 26 septembre 2002, le naufrage du Joola fait plus de 1953 morts. Parmi les victimes figure Awa Bald\u00e9, une jeune fille peulh. Awa, apr\u00e8s avoir sacrifi\u00e9 son honneur pour sauver sa s\u0153ur jumelle Adama Bald\u00e9 d&rsquo;un scandale familial, fuit les siens, son village et sa communaut\u00e9.<br \/>\nR\u00e9fugi\u00e9e chez des bienfaiteurs \u00e0 Ziguinchor, son tragique destin la rattrape et la contraint \u00e0 prendre le bateau pour Dakar afin de mettre \u00e0 l&rsquo;abri son fils. L&rsquo;histoire d&rsquo;Awa et d&rsquo;Adama Bald\u00e9 refl\u00e8te la condition f\u00e9minine et le statut des jeunes filles dans les soci\u00e9t\u00e9s africaines. Ce roman met en perspective les comportements insidieux qui perp\u00e9tuent des traditions r\u00e9trogrades, comme le mariage forc\u00e9 et\/ou pr\u00e9coce, les violences faites aux femmes et d&rsquo;autres pratiques socioculturelles d\u00e9gradantes.<\/p>\n","protected":false},"featured_media":6256,"comment_status":"open","ping_status":"closed","template":"","meta":{"content-type":"","_monsterinsights_skip_tracking":false,"_monsterinsights_sitenote_active":false,"_monsterinsights_sitenote_note":"","_monsterinsights_sitenote_category":0},"product_brand":[],"product_cat":[196],"product_tag":[],"class_list":{"0":"post-5742","1":"product","2":"type-product","3":"status-publish","4":"has-post-thumbnail","6":"product_cat-litterature_africaine","8":"first","9":"instock","10":"taxable","11":"shipping-taxable","12":"purchasable","13":"product-type-simple"},"aioseo_notices":[],"jetpack_sharing_enabled":true,"_links":{"self":[{"href":"https:\/\/moukat.store\/index.php\/wp-json\/wp\/v2\/product\/5742","targetHints":{"allow":["GET"]}}],"collection":[{"href":"https:\/\/moukat.store\/index.php\/wp-json\/wp\/v2\/product"}],"about":[{"href":"https:\/\/moukat.store\/index.php\/wp-json\/wp\/v2\/types\/product"}],"replies":[{"embeddable":true,"href":"https:\/\/moukat.store\/index.php\/wp-json\/wp\/v2\/comments?post=5742"}],"wp:featuredmedia":[{"embeddable":true,"href":"https:\/\/moukat.store\/index.php\/wp-json\/wp\/v2\/media\/6256"}],"wp:attachment":[{"href":"https:\/\/moukat.store\/index.php\/wp-json\/wp\/v2\/media?parent=5742"}],"wp:term":[{"taxonomy":"product_brand","embeddable":true,"href":"https:\/\/moukat.store\/index.php\/wp-json\/wp\/v2\/product_brand?post=5742"},{"taxonomy":"product_cat","embeddable":true,"href":"https:\/\/moukat.store\/index.php\/wp-json\/wp\/v2\/product_cat?post=5742"},{"taxonomy":"product_tag","embeddable":true,"href":"https:\/\/moukat.store\/index.php\/wp-json\/wp\/v2\/product_tag?post=5742"}],"curies":[{"name":"wp","href":"https:\/\/api.w.org\/{rel}","templated":true}]}}