{"id":5827,"date":"2025-11-09T17:13:15","date_gmt":"2025-11-09T17:13:15","guid":{"rendered":"https:\/\/moukat.store\/?post_type=product&#038;p=5827"},"modified":"2025-11-09T17:13:15","modified_gmt":"2025-11-09T17:13:15","slug":"mathematique-4e-2","status":"publish","type":"product","link":"https:\/\/moukat.store\/index.php\/product\/mathematique-4e-2\/","title":{"rendered":"MATH\u00c9MATIQUE 4e"},"content":{"rendered":"","protected":false},"excerpt":{"rendered":"<p><span style=\"font-weight: 400;\">Fruits de la collaboration entre les math\u00e9maticiens des pays francophones d&rsquo;Afrique et de l&rsquo;oc\u00e9an Indien, les ouvrages de la Collection Inter-Africaine de Math\u00e9matiques (CIAM) reposent sur un profond travail d&rsquo;investigation et d&rsquo;exp\u00e9rimentation.<\/span><\/p>\n<p><span style=\"font-weight: 400;\">Cette collection a pour objectifs :<\/span><\/p>\n<p><span style=\"font-weight: 400;\">* l&rsquo;harmonisation de la p\u00e9dagogie des math\u00e9matiques et la mise \u00e0 la disposition des \u00e9l\u00e8ves et des enseignants africains de manuels de qualit\u00e9, tenant compte du milieu socio-culturel africain en tant que support et v\u00e9hicule privil\u00e9gi\u00e9s des concepts math\u00e9matiques ;<\/span><\/p>\n<p><span style=\"font-weight: 400;\">* l&rsquo;acquisition par les \u00e9l\u00e8ves des bases d&rsquo;une formation math\u00e9matique solide qui leur permettent d&rsquo;analyser une situation, de conjecturer des hypoth\u00e8ses et de les valider ou non \u00e0 l&rsquo;\u00e9preuve des faits ou du rai-sonnement, de recourir aux mod\u00e8les math\u00e9matiques qu&rsquo;ils connaissent et de d\u00e9gager une conclusion ;<\/span><\/p>\n<p><span style=\"font-weight: 400;\">* la diminution du co\u00fbt du manuel, pour permettre la r\u00e9alisation d&rsquo;un vieux r\u00eave : un \u00e9l\u00e8ve, un livre.<\/span><\/p>\n","protected":false},"featured_media":5351,"comment_status":"open","ping_status":"closed","template":"","meta":{"content-type":"","_monsterinsights_skip_tracking":false,"_monsterinsights_sitenote_active":false,"_monsterinsights_sitenote_note":"","_monsterinsights_sitenote_category":0},"product_brand":[],"product_cat":[197],"product_tag":[],"class_list":{"0":"post-5827","1":"product","2":"type-product","3":"status-publish","4":"has-post-thumbnail","6":"product_cat-livre_scolaire","8":"first","9":"instock","10":"taxable","11":"shipping-taxable","12":"purchasable","13":"product-type-simple"},"aioseo_notices":[],"jetpack_sharing_enabled":true,"_links":{"self":[{"href":"https:\/\/moukat.store\/index.php\/wp-json\/wp\/v2\/product\/5827","targetHints":{"allow":["GET"]}}],"collection":[{"href":"https:\/\/moukat.store\/index.php\/wp-json\/wp\/v2\/product"}],"about":[{"href":"https:\/\/moukat.store\/index.php\/wp-json\/wp\/v2\/types\/product"}],"replies":[{"embeddable":true,"href":"https:\/\/moukat.store\/index.php\/wp-json\/wp\/v2\/comments?post=5827"}],"wp:featuredmedia":[{"embeddable":true,"href":"https:\/\/moukat.store\/index.php\/wp-json\/wp\/v2\/media\/5351"}],"wp:attachment":[{"href":"https:\/\/moukat.store\/index.php\/wp-json\/wp\/v2\/media?parent=5827"}],"wp:term":[{"taxonomy":"product_brand","embeddable":true,"href":"https:\/\/moukat.store\/index.php\/wp-json\/wp\/v2\/product_brand?post=5827"},{"taxonomy":"product_cat","embeddable":true,"href":"https:\/\/moukat.store\/index.php\/wp-json\/wp\/v2\/product_cat?post=5827"},{"taxonomy":"product_tag","embeddable":true,"href":"https:\/\/moukat.store\/index.php\/wp-json\/wp\/v2\/product_tag?post=5827"}],"curies":[{"name":"wp","href":"https:\/\/api.w.org\/{rel}","templated":true}]}}