{"id":6117,"date":"2025-11-11T14:34:26","date_gmt":"2025-11-11T14:34:26","guid":{"rendered":"https:\/\/moukat.store\/?post_type=product&#038;p=6117"},"modified":"2025-11-11T14:34:26","modified_gmt":"2025-11-11T14:34:26","slug":"cest-quoi-le-paradis","status":"publish","type":"product","link":"https:\/\/moukat.store\/index.php\/product\/cest-quoi-le-paradis\/","title":{"rendered":"C&rsquo;EST QUOI LE PARADIS"},"content":{"rendered":"","protected":false},"excerpt":{"rendered":"<p>Auteur <strong>Ir\u00e9ne Rehad<\/strong><\/p>\n<p>Sami, Aicha, Ahmed et leurs camarades n&rsquo;ont aucune id\u00e9e de ce qu&rsquo;est le paradis. Est-ce loin ? Est-ce beau ? Ils comptent bien poser un milliard de questions \u00e0 leur ma\u00eetresse Salima. Avec elle, tout parait clair ! On apprend ! Et, \u00e7a, c&rsquo;est vraiment G\u00e9nial !<\/p>\n","protected":false},"featured_media":5996,"comment_status":"open","ping_status":"closed","template":"","meta":{"content-type":"","_monsterinsights_skip_tracking":false,"_monsterinsights_sitenote_active":false,"_monsterinsights_sitenote_note":"","_monsterinsights_sitenote_category":0},"product_brand":[],"product_cat":[207],"product_tag":[],"class_list":{"0":"post-6117","1":"product","2":"type-product","3":"status-publish","4":"has-post-thumbnail","6":"product_cat-livres-religieux","8":"first","9":"instock","10":"taxable","11":"shipping-taxable","12":"purchasable","13":"product-type-simple"},"aioseo_notices":[],"jetpack_sharing_enabled":true,"_links":{"self":[{"href":"https:\/\/moukat.store\/index.php\/wp-json\/wp\/v2\/product\/6117","targetHints":{"allow":["GET"]}}],"collection":[{"href":"https:\/\/moukat.store\/index.php\/wp-json\/wp\/v2\/product"}],"about":[{"href":"https:\/\/moukat.store\/index.php\/wp-json\/wp\/v2\/types\/product"}],"replies":[{"embeddable":true,"href":"https:\/\/moukat.store\/index.php\/wp-json\/wp\/v2\/comments?post=6117"}],"wp:featuredmedia":[{"embeddable":true,"href":"https:\/\/moukat.store\/index.php\/wp-json\/wp\/v2\/media\/5996"}],"wp:attachment":[{"href":"https:\/\/moukat.store\/index.php\/wp-json\/wp\/v2\/media?parent=6117"}],"wp:term":[{"taxonomy":"product_brand","embeddable":true,"href":"https:\/\/moukat.store\/index.php\/wp-json\/wp\/v2\/product_brand?post=6117"},{"taxonomy":"product_cat","embeddable":true,"href":"https:\/\/moukat.store\/index.php\/wp-json\/wp\/v2\/product_cat?post=6117"},{"taxonomy":"product_tag","embeddable":true,"href":"https:\/\/moukat.store\/index.php\/wp-json\/wp\/v2\/product_tag?post=6117"}],"curies":[{"name":"wp","href":"https:\/\/api.w.org\/{rel}","templated":true}]}}