{"id":6118,"date":"2025-11-11T15:00:15","date_gmt":"2025-11-11T15:00:15","guid":{"rendered":"https:\/\/moukat.store\/?post_type=product&#038;p=6118"},"modified":"2025-11-11T15:00:16","modified_gmt":"2025-11-11T15:00:16","slug":"cest-qui-amina-et-halima-la-mere-et-la-nourrice-du-prophete","status":"publish","type":"product","link":"https:\/\/moukat.store\/index.php\/product\/cest-qui-amina-et-halima-la-mere-et-la-nourrice-du-prophete\/","title":{"rendered":"C&rsquo;est qui AMINA et HALIMA la m\u00e8re et la nourrice du proph\u00e8te"},"content":{"rendered":"","protected":false},"excerpt":{"rendered":"<p>Auteur <strong>IR\u00c9NE REKAD\u00a0 \u00a0 \u00a0 \u00a0 \u00a0 \u00a0 \u00a0<\/strong><\/p>\n<p>La collection \u00ab\u00a0C&rsquo;est qui ?\u00a0\u00bb, anim\u00e9e par Asma et Jibr\u00eel, t&rsquo;invite \u00e0 d\u00e9couvrir les hommes et les femmes de entourage proche du Proph\u00e8te de l&rsquo;Islam, Muhammad, Paix et Salut sur lui.<br \/>\nViens partager avec eux les bons montants qu&rsquo;ils passent en compagnie de leurs grands parents !<br \/>\nIls ont plein d&rsquo;histoires \u00e0 raconter_<\/p>\n","protected":false},"featured_media":5998,"comment_status":"open","ping_status":"closed","template":"","meta":{"content-type":"","_monsterinsights_skip_tracking":false,"_monsterinsights_sitenote_active":false,"_monsterinsights_sitenote_note":"","_monsterinsights_sitenote_category":0},"product_brand":[],"product_cat":[207],"product_tag":[],"class_list":{"0":"post-6118","1":"product","2":"type-product","3":"status-publish","4":"has-post-thumbnail","6":"product_cat-livres-religieux","8":"first","9":"instock","10":"taxable","11":"shipping-taxable","12":"purchasable","13":"product-type-simple"},"aioseo_notices":[],"jetpack_sharing_enabled":true,"_links":{"self":[{"href":"https:\/\/moukat.store\/index.php\/wp-json\/wp\/v2\/product\/6118","targetHints":{"allow":["GET"]}}],"collection":[{"href":"https:\/\/moukat.store\/index.php\/wp-json\/wp\/v2\/product"}],"about":[{"href":"https:\/\/moukat.store\/index.php\/wp-json\/wp\/v2\/types\/product"}],"replies":[{"embeddable":true,"href":"https:\/\/moukat.store\/index.php\/wp-json\/wp\/v2\/comments?post=6118"}],"wp:featuredmedia":[{"embeddable":true,"href":"https:\/\/moukat.store\/index.php\/wp-json\/wp\/v2\/media\/5998"}],"wp:attachment":[{"href":"https:\/\/moukat.store\/index.php\/wp-json\/wp\/v2\/media?parent=6118"}],"wp:term":[{"taxonomy":"product_brand","embeddable":true,"href":"https:\/\/moukat.store\/index.php\/wp-json\/wp\/v2\/product_brand?post=6118"},{"taxonomy":"product_cat","embeddable":true,"href":"https:\/\/moukat.store\/index.php\/wp-json\/wp\/v2\/product_cat?post=6118"},{"taxonomy":"product_tag","embeddable":true,"href":"https:\/\/moukat.store\/index.php\/wp-json\/wp\/v2\/product_tag?post=6118"}],"curies":[{"name":"wp","href":"https:\/\/api.w.org\/{rel}","templated":true}]}}