{"id":6125,"date":"2025-11-11T20:06:05","date_gmt":"2025-11-11T20:06:05","guid":{"rendered":"https:\/\/moukat.store\/?post_type=product&#038;p=6125"},"modified":"2025-11-17T01:32:20","modified_gmt":"2025-11-17T01:32:20","slug":"abu-hanifa-sa-vie-son-oeuvre-son-combat","status":"publish","type":"product","link":"https:\/\/moukat.store\/index.php\/product\/abu-hanifa-sa-vie-son-oeuvre-son-combat\/","title":{"rendered":"AB\u00db  HAN\u00ceFA   sa vie, son oeuvre, son combat"},"content":{"rendered":"","protected":false},"excerpt":{"rendered":"<p>Auteur <strong>MUHAMMAD DIAKHO<\/strong><\/p>\n<p><span style=\"font-weight: 400;\">Juriste illustre, Ab\u00fb Hanifa est le fondateur de l&rsquo;une des quatre \u00e9coles juridiques. Pour mieux comprendre la port\u00e9e de ses enseignements, Muhammad Diakho met d&rsquo;abord l&rsquo;accent sur le contexte historique, la vie sociale et intellectuelle, qui animent alors la communaut\u00e9 des musulmans et qui diff\u00e8rent selon les r\u00e9gions, si nombreuses, du monde musulman.<\/span><\/p>\n<p><span style=\"font-weight: 400;\">Nul doute sur le fait que cette \u00e9poque fut l&rsquo;une des plus troubl\u00e9es.<\/span><\/p>\n<p><span style=\"font-weight: 400;\">C&rsquo;est donc, dans cet aper\u00e7u historique que v\u00e9cut le juriste (fagih) et pieux pr\u00e9d\u00e9cesseur, Ab\u00fb Han\u00eefa. Il s&rsquo;effor\u00e7a d&rsquo;apporter son dynamisme et luttait avec intransigeance contre les tartuffes de son \u00e9poque, \u00e0 savoir les savants \u00e0 la solde des sultans. Tout au long de sa vie, il a \u0153uvr\u00e9 pour transmettre l&rsquo;esprit vivifiant et lib\u00e9rateur de la religion musulmane.<\/span><\/p>\n<p><span style=\"font-weight: 400;\">Il a \u00e9labor\u00e9 un syst\u00e8me juridique qui r\u00e9pondait aux besoins de ses contemporains dans des situations in\u00e9dites. Son approche m\u00e9thodique est par excellence celle qui peut, en nos temps modernes, apporter des r\u00e9ponses claires et adapt\u00e9es au contexte actuel.<\/span><\/p>\n","protected":false},"featured_media":6011,"comment_status":"open","ping_status":"closed","template":"","meta":{"content-type":"","_monsterinsights_skip_tracking":false,"_monsterinsights_sitenote_active":false,"_monsterinsights_sitenote_note":"","_monsterinsights_sitenote_category":0},"product_brand":[],"product_cat":[207],"product_tag":[],"class_list":{"0":"post-6125","1":"product","2":"type-product","3":"status-publish","4":"has-post-thumbnail","6":"product_cat-livres-religieux","8":"first","9":"instock","10":"taxable","11":"shipping-taxable","12":"purchasable","13":"product-type-simple"},"aioseo_notices":[],"jetpack_sharing_enabled":true,"_links":{"self":[{"href":"https:\/\/moukat.store\/index.php\/wp-json\/wp\/v2\/product\/6125","targetHints":{"allow":["GET"]}}],"collection":[{"href":"https:\/\/moukat.store\/index.php\/wp-json\/wp\/v2\/product"}],"about":[{"href":"https:\/\/moukat.store\/index.php\/wp-json\/wp\/v2\/types\/product"}],"replies":[{"embeddable":true,"href":"https:\/\/moukat.store\/index.php\/wp-json\/wp\/v2\/comments?post=6125"}],"wp:featuredmedia":[{"embeddable":true,"href":"https:\/\/moukat.store\/index.php\/wp-json\/wp\/v2\/media\/6011"}],"wp:attachment":[{"href":"https:\/\/moukat.store\/index.php\/wp-json\/wp\/v2\/media?parent=6125"}],"wp:term":[{"taxonomy":"product_brand","embeddable":true,"href":"https:\/\/moukat.store\/index.php\/wp-json\/wp\/v2\/product_brand?post=6125"},{"taxonomy":"product_cat","embeddable":true,"href":"https:\/\/moukat.store\/index.php\/wp-json\/wp\/v2\/product_cat?post=6125"},{"taxonomy":"product_tag","embeddable":true,"href":"https:\/\/moukat.store\/index.php\/wp-json\/wp\/v2\/product_tag?post=6125"}],"curies":[{"name":"wp","href":"https:\/\/api.w.org\/{rel}","templated":true}]}}