{"id":6129,"date":"2025-11-12T03:03:16","date_gmt":"2025-11-12T03:03:16","guid":{"rendered":"https:\/\/moukat.store\/?post_type=product&#038;p=6129"},"modified":"2025-11-17T01:50:53","modified_gmt":"2025-11-17T01:50:53","slug":"contestation-islamisees","status":"publish","type":"product","link":"https:\/\/moukat.store\/index.php\/product\/contestation-islamisees\/","title":{"rendered":"CONTESTATION   ISLAMIS\u00c9ES"},"content":{"rendered":"","protected":false},"excerpt":{"rendered":"<p>Le S\u00e9n\u00e9gal entre diplomatie d&rsquo;influence et islam politique<\/p>\n<p>Auteur <strong>BAKARI SAMB<\/strong><\/p>\n<p><span style=\"font-weight: 400;\">Le S\u00e9n\u00e9gal vit le paradoxe g\u00e9opolitique d&rsquo;\u00eatre, \u00e0 la fois, le <\/span><span style=\"font-weight: 400;\">continuum et la profondeur subsaharienne du monde arabo-musulman et un partenaire strat\u00e9gique traditionnel des puissances occidentales. P\u00e9n\u00e9tr\u00e9 depuis longtemps par les courants id\u00e9ologiques qui alimentent l&rsquo;islam politique, il demeure, pour l&rsquo;heure, un \u00ab \u00eelot de stabilit\u00e9 dans un oc\u00e9an d&rsquo;instabilit\u00e9 \u00bb au c\u0153ur des \u00e9volutions politico-s\u00e9curitaires en Afrique de l&rsquo;Ouest et au Sahel, ou ces m\u00eames puissances occidentales et celles du Golfe arabo-persique sont en qu\u00eate effr\u00e9n\u00e9e d&rsquo;oasis d&rsquo;influence. <\/span><\/p>\n<p><span style=\"font-weight: 400;\">Les contestations politiques islamis\u00e9es <\/span><span style=\"font-weight: 400;\">ainsi que les vieilles revendications pour la reconnaissance de la part de arabophonie d&rsquo;un pays-symbole de la Francophonie sont au c\u0153ur de ce <\/span><span style=\"font-weight: 400;\">livre mettant \u00e0 nu les vuln\u00e9rabilit\u00e9s socio-politiques d&rsquo;un S\u00e9n\u00e9gal, souvent occult\u00e9es, faisant face \u00e0 une lutte des \u00e9lites \u00e0 socialisations contradictoires.<\/span><\/p>\n","protected":false},"featured_media":6019,"comment_status":"open","ping_status":"closed","template":"","meta":{"content-type":"","_monsterinsights_skip_tracking":false,"_monsterinsights_sitenote_active":false,"_monsterinsights_sitenote_note":"","_monsterinsights_sitenote_category":0},"product_brand":[],"product_cat":[207],"product_tag":[],"class_list":{"0":"post-6129","1":"product","2":"type-product","3":"status-publish","4":"has-post-thumbnail","6":"product_cat-livres-religieux","8":"first","9":"instock","10":"taxable","11":"shipping-taxable","12":"purchasable","13":"product-type-simple"},"aioseo_notices":[],"jetpack_sharing_enabled":true,"_links":{"self":[{"href":"https:\/\/moukat.store\/index.php\/wp-json\/wp\/v2\/product\/6129","targetHints":{"allow":["GET"]}}],"collection":[{"href":"https:\/\/moukat.store\/index.php\/wp-json\/wp\/v2\/product"}],"about":[{"href":"https:\/\/moukat.store\/index.php\/wp-json\/wp\/v2\/types\/product"}],"replies":[{"embeddable":true,"href":"https:\/\/moukat.store\/index.php\/wp-json\/wp\/v2\/comments?post=6129"}],"wp:featuredmedia":[{"embeddable":true,"href":"https:\/\/moukat.store\/index.php\/wp-json\/wp\/v2\/media\/6019"}],"wp:attachment":[{"href":"https:\/\/moukat.store\/index.php\/wp-json\/wp\/v2\/media?parent=6129"}],"wp:term":[{"taxonomy":"product_brand","embeddable":true,"href":"https:\/\/moukat.store\/index.php\/wp-json\/wp\/v2\/product_brand?post=6129"},{"taxonomy":"product_cat","embeddable":true,"href":"https:\/\/moukat.store\/index.php\/wp-json\/wp\/v2\/product_cat?post=6129"},{"taxonomy":"product_tag","embeddable":true,"href":"https:\/\/moukat.store\/index.php\/wp-json\/wp\/v2\/product_tag?post=6129"}],"curies":[{"name":"wp","href":"https:\/\/api.w.org\/{rel}","templated":true}]}}