{"id":6130,"date":"2025-11-12T03:10:08","date_gmt":"2025-11-12T03:10:08","guid":{"rendered":"https:\/\/moukat.store\/?post_type=product&#038;p=6130"},"modified":"2025-11-17T01:54:16","modified_gmt":"2025-11-17T01:54:16","slug":"soufisme-wahhabisme","status":"publish","type":"product","link":"https:\/\/moukat.store\/index.php\/product\/soufisme-wahhabisme\/","title":{"rendered":"SOUFISME WAHHABISME"},"content":{"rendered":"","protected":false},"excerpt":{"rendered":"<p>Querelles des textes ou choc des lectures<\/p>\n<p>Auteur <strong>SEYDI DIAMIL NIANE<\/strong><\/p>\n<p><span style=\"font-weight: 400;\">Tous les musulmans se r\u00e9clament du m\u00eame et unique Livre<\/span><\/p>\n<p><span style=\"font-weight: 400;\">Saint : le Coran. Certains en ont toutefois tir\u00e9, essentiellement, deux fa\u00e7ons fort diff\u00e9rentes de le comprendre et de le suivre. Les uns, soufis, se pr\u00e9sentent comme la voie int\u00e9rieure. Les autres, wahhabis adoptent une lecture litt\u00e9raliste des textes scripturaires.<\/span><\/p>\n<p><span style=\"font-weight: 400;\">Entre le wahhabisme et le soufisme, les lectures s&rsquo;affrontent.<\/span><\/p>\n","protected":false},"featured_media":6021,"comment_status":"open","ping_status":"closed","template":"","meta":{"content-type":"","_monsterinsights_skip_tracking":false,"_monsterinsights_sitenote_active":false,"_monsterinsights_sitenote_note":"","_monsterinsights_sitenote_category":0},"product_brand":[],"product_cat":[207],"product_tag":[],"class_list":{"0":"post-6130","1":"product","2":"type-product","3":"status-publish","4":"has-post-thumbnail","6":"product_cat-livres-religieux","8":"first","9":"instock","10":"taxable","11":"shipping-taxable","12":"purchasable","13":"product-type-simple"},"aioseo_notices":[],"jetpack_sharing_enabled":true,"_links":{"self":[{"href":"https:\/\/moukat.store\/index.php\/wp-json\/wp\/v2\/product\/6130","targetHints":{"allow":["GET"]}}],"collection":[{"href":"https:\/\/moukat.store\/index.php\/wp-json\/wp\/v2\/product"}],"about":[{"href":"https:\/\/moukat.store\/index.php\/wp-json\/wp\/v2\/types\/product"}],"replies":[{"embeddable":true,"href":"https:\/\/moukat.store\/index.php\/wp-json\/wp\/v2\/comments?post=6130"}],"wp:featuredmedia":[{"embeddable":true,"href":"https:\/\/moukat.store\/index.php\/wp-json\/wp\/v2\/media\/6021"}],"wp:attachment":[{"href":"https:\/\/moukat.store\/index.php\/wp-json\/wp\/v2\/media?parent=6130"}],"wp:term":[{"taxonomy":"product_brand","embeddable":true,"href":"https:\/\/moukat.store\/index.php\/wp-json\/wp\/v2\/product_brand?post=6130"},{"taxonomy":"product_cat","embeddable":true,"href":"https:\/\/moukat.store\/index.php\/wp-json\/wp\/v2\/product_cat?post=6130"},{"taxonomy":"product_tag","embeddable":true,"href":"https:\/\/moukat.store\/index.php\/wp-json\/wp\/v2\/product_tag?post=6130"}],"curies":[{"name":"wp","href":"https:\/\/api.w.org\/{rel}","templated":true}]}}