{"id":6131,"date":"2025-11-12T03:29:25","date_gmt":"2025-11-12T03:29:25","guid":{"rendered":"https:\/\/moukat.store\/?post_type=product&#038;p=6131"},"modified":"2025-11-17T01:56:56","modified_gmt":"2025-11-17T01:56:56","slug":"fatima-la-resplendissante","status":"publish","type":"product","link":"https:\/\/moukat.store\/index.php\/product\/fatima-la-resplendissante\/","title":{"rendered":"FATIMA La Resplendissante"},"content":{"rendered":"","protected":false},"excerpt":{"rendered":"<p>Une exception Cach\u00e9e<\/p>\n<p><strong>Imam Moussa sadr<\/strong><\/p>\n<p><span style=\"font-weight: 400;\">Certes, Dieu se courrouce en raison de la col\u00e8re de F\u00e2tima et se r\u00e9jouit de son contentement \u00bb ; \u00ab F\u00e2tima est une partie de moi, quiconque la blessera m&rsquo;aura bless\u00e9 et l&rsquo;aimera m&rsquo;aura aim\u00e9 \u00bb ; \u00ab F\u00e2tima est mon c\u0153ur et lame entre mes c\u00f4tes \u00bb; \u00ab F\u00e2tima est la ma\u00eetresse des femmes du Monde\u00bb. Ces t\u00e9moignages et d&rsquo;autres, similaires, abondent dans les recueils de hadiths et les biographies consacr\u00e9es au Messager de Dieu, Mohammad, gua s&rsquo;exprime pas par passion ni sous l&rsquo;influence des hous familiaux ou matrimoniaux, et qu&rsquo;aucune r\u00e9primande de quiconque ne peut toucher en Dieu.<\/span><\/p>\n","protected":false},"featured_media":6023,"comment_status":"open","ping_status":"closed","template":"","meta":{"content-type":"","_monsterinsights_skip_tracking":false,"_monsterinsights_sitenote_active":false,"_monsterinsights_sitenote_note":"","_monsterinsights_sitenote_category":0},"product_brand":[],"product_cat":[207],"product_tag":[],"class_list":{"0":"post-6131","1":"product","2":"type-product","3":"status-publish","4":"has-post-thumbnail","6":"product_cat-livres-religieux","8":"first","9":"instock","10":"taxable","11":"shipping-taxable","12":"purchasable","13":"product-type-simple"},"aioseo_notices":[],"jetpack_sharing_enabled":true,"_links":{"self":[{"href":"https:\/\/moukat.store\/index.php\/wp-json\/wp\/v2\/product\/6131","targetHints":{"allow":["GET"]}}],"collection":[{"href":"https:\/\/moukat.store\/index.php\/wp-json\/wp\/v2\/product"}],"about":[{"href":"https:\/\/moukat.store\/index.php\/wp-json\/wp\/v2\/types\/product"}],"replies":[{"embeddable":true,"href":"https:\/\/moukat.store\/index.php\/wp-json\/wp\/v2\/comments?post=6131"}],"wp:featuredmedia":[{"embeddable":true,"href":"https:\/\/moukat.store\/index.php\/wp-json\/wp\/v2\/media\/6023"}],"wp:attachment":[{"href":"https:\/\/moukat.store\/index.php\/wp-json\/wp\/v2\/media?parent=6131"}],"wp:term":[{"taxonomy":"product_brand","embeddable":true,"href":"https:\/\/moukat.store\/index.php\/wp-json\/wp\/v2\/product_brand?post=6131"},{"taxonomy":"product_cat","embeddable":true,"href":"https:\/\/moukat.store\/index.php\/wp-json\/wp\/v2\/product_cat?post=6131"},{"taxonomy":"product_tag","embeddable":true,"href":"https:\/\/moukat.store\/index.php\/wp-json\/wp\/v2\/product_tag?post=6131"}],"curies":[{"name":"wp","href":"https:\/\/api.w.org\/{rel}","templated":true}]}}