{"id":6133,"date":"2025-11-12T03:50:52","date_gmt":"2025-11-12T03:50:52","guid":{"rendered":"https:\/\/moukat.store\/?post_type=product&#038;p=6133"},"modified":"2025-11-17T02:06:30","modified_gmt":"2025-11-17T02:06:30","slug":"cheikh-ahmadou-bamba","status":"publish","type":"product","link":"https:\/\/moukat.store\/index.php\/product\/cheikh-ahmadou-bamba\/","title":{"rendered":"Cheikh Ahmadou Bamba"},"content":{"rendered":"","protected":false},"excerpt":{"rendered":"<p>LE MOUDIADID<\/p>\n<p>Auteur NDONGO DIME<\/p>\n<p><span style=\"font-weight: 400;\">Ahmadou Bamba Le Moujadid<\/span><\/p>\n<p><span style=\"font-weight: 400;\">Il fut un moment o\u00f9 les paroles ont gliss\u00e9 de leur lieu originel pour \u00e9pouser des significations nouvelles, comme le malheur advenu aux peuples p\u00eacheurs d\u00e9clam\u00e9s par le saint Livre.<\/span><\/p>\n<p><span style=\"font-weight: 400;\">Pourtant \u00e0 la pointe du d\u00e9p\u00e9rissement de l&rsquo;euphorie qui accompagnait la pratique islamique \u00e0 l&rsquo;\u00e9poque o\u00f9 apparut<\/span><\/p>\n<p><span style=\"font-weight: 400;\">Cheikh Ahmadou Bamba.<\/span><\/p>\n<p><span style=\"font-weight: 400;\">Ce ne fut pas une sin\u00e9cure de r\u00e9tablir l&rsquo;ordre islamique.<\/span><\/p>\n<p><span style=\"font-weight: 400;\">En fin savant, comme qui dirait, les savants sont les h\u00e9ritiers des proph\u00e8tes. <\/span><span style=\"font-weight: 400;\">Cheikh Ahmadou Bamba a port\u00e9 le drapeau r\u00e9novateur et adh\u00e9rateur de l&rsquo;islam signe d&rsquo;un Moudjadid, un saint av\u00e9r\u00e9.<\/span><\/p>\n","protected":false},"featured_media":6025,"comment_status":"open","ping_status":"closed","template":"","meta":{"content-type":"","_monsterinsights_skip_tracking":false,"_monsterinsights_sitenote_active":false,"_monsterinsights_sitenote_note":"","_monsterinsights_sitenote_category":0},"product_brand":[],"product_cat":[207],"product_tag":[],"class_list":{"0":"post-6133","1":"product","2":"type-product","3":"status-publish","4":"has-post-thumbnail","6":"product_cat-livres-religieux","8":"first","9":"instock","10":"taxable","11":"shipping-taxable","12":"purchasable","13":"product-type-simple"},"aioseo_notices":[],"jetpack_sharing_enabled":true,"_links":{"self":[{"href":"https:\/\/moukat.store\/index.php\/wp-json\/wp\/v2\/product\/6133","targetHints":{"allow":["GET"]}}],"collection":[{"href":"https:\/\/moukat.store\/index.php\/wp-json\/wp\/v2\/product"}],"about":[{"href":"https:\/\/moukat.store\/index.php\/wp-json\/wp\/v2\/types\/product"}],"replies":[{"embeddable":true,"href":"https:\/\/moukat.store\/index.php\/wp-json\/wp\/v2\/comments?post=6133"}],"wp:featuredmedia":[{"embeddable":true,"href":"https:\/\/moukat.store\/index.php\/wp-json\/wp\/v2\/media\/6025"}],"wp:attachment":[{"href":"https:\/\/moukat.store\/index.php\/wp-json\/wp\/v2\/media?parent=6133"}],"wp:term":[{"taxonomy":"product_brand","embeddable":true,"href":"https:\/\/moukat.store\/index.php\/wp-json\/wp\/v2\/product_brand?post=6133"},{"taxonomy":"product_cat","embeddable":true,"href":"https:\/\/moukat.store\/index.php\/wp-json\/wp\/v2\/product_cat?post=6133"},{"taxonomy":"product_tag","embeddable":true,"href":"https:\/\/moukat.store\/index.php\/wp-json\/wp\/v2\/product_tag?post=6133"}],"curies":[{"name":"wp","href":"https:\/\/api.w.org\/{rel}","templated":true}]}}