{"id":6135,"date":"2025-11-12T03:59:46","date_gmt":"2025-11-12T03:59:46","guid":{"rendered":"https:\/\/moukat.store\/?post_type=product&#038;p=6135"},"modified":"2025-11-17T02:14:11","modified_gmt":"2025-11-17T02:14:11","slug":"diiwaane-muriid-saadiq","status":"publish","type":"product","link":"https:\/\/moukat.store\/index.php\/product\/diiwaane-muriid-saadiq\/","title":{"rendered":"DIIWAANE  MURIID  SAADIQ"},"content":{"rendered":"","protected":false},"excerpt":{"rendered":"<p>Auteur<strong>\u00a0 Serigne Bachirou Lo wargua\u00a0<\/strong><\/p>\n<p><span style=\"font-weight: 400;\">Ce livre s\u2019inscrit dans la veine de la po\u00e9sie \u00ab\u00a0wolofal\u00a0\u00bb.<\/span><\/p>\n<p><span style=\"font-weight: 400;\">A l\u2019instar de Serigne Moussa Ka, de Serigne Mbaye<\/span><\/p>\n<p><span style=\"font-weight: 400;\">Diakhat\u00e9, (la liste des po\u00e8tes mourides n&rsquo;est pas<\/span><\/p>\n<p><span style=\"font-weight: 400;\">exhaustive), l&rsquo;auteur Serigne Bachirou Lo Vient apporter<\/span><\/p>\n<p><span style=\"font-weight: 400;\">ici un souffle nouveau dans le champ litt\u00e9raire<\/span><\/p>\n<p><span style=\"font-weight: 400;\">d\u00e9di\u00e9 \u00e0 Cheikh Ahmadou Bambo Mback\u00e9. Ce \u00ab\u00a0div\u00e2n\u00a0\u00bb (recueil po\u00e9tique)<\/span><\/p>\n<p><span style=\"font-weight: 400;\">montre la voie de l&rsquo;ll\u00e9geance \u00e0 Serigne Touba \u00ab\u00a0&lsquo;nuh\u00e2zun\u00a0\u00bb (conservateur) et \u00ab\u00a0mujadid\u00a0\u00bb (r\u00e9novateur) de l&rsquo;islam. Le texte d\u00e9bute avec un prologue, diiwaan, taarub julit, tassawuuf (le soufisme), une exhortation, un \u00e9pilogue Aslamtu nafsii. Cheikh Thioro Mback\u00e9 est natif de Saint-Louis du S\u00e9n\u00e9gal o\u00f9 il a pass\u00e9 ses humanit\u00e9s entre l&rsquo;\u00e9cole coranique et l&rsquo;\u00e9cole s\u00e9n\u00e9galaise (de l&rsquo;\u00e9cole \u00e9l\u00e9mentaire Macodou Ndiaye \u00e0 l&rsquo;universit\u00e9 Gaston Berger).<\/span><\/p>\n<p><span style=\"font-weight: 400;\">Il est de formation, instituteur (volontaire), puis professeur de lettres modernes. Depuis 2010, il r\u00e9side \u00e0 Touba et poursuit actuellement sa carri\u00e8re d&rsquo;enseignant au lyc\u00e9e ex C.E.M de K\u00e9r\u00e9 Moye.<\/span><\/p>\n","protected":false},"featured_media":6029,"comment_status":"open","ping_status":"closed","template":"","meta":{"content-type":"","_monsterinsights_skip_tracking":false,"_monsterinsights_sitenote_active":false,"_monsterinsights_sitenote_note":"","_monsterinsights_sitenote_category":0},"product_brand":[],"product_cat":[207],"product_tag":[],"class_list":{"0":"post-6135","1":"product","2":"type-product","3":"status-publish","4":"has-post-thumbnail","6":"product_cat-livres-religieux","8":"first","9":"instock","10":"taxable","11":"shipping-taxable","12":"purchasable","13":"product-type-simple"},"aioseo_notices":[],"jetpack_sharing_enabled":true,"_links":{"self":[{"href":"https:\/\/moukat.store\/index.php\/wp-json\/wp\/v2\/product\/6135","targetHints":{"allow":["GET"]}}],"collection":[{"href":"https:\/\/moukat.store\/index.php\/wp-json\/wp\/v2\/product"}],"about":[{"href":"https:\/\/moukat.store\/index.php\/wp-json\/wp\/v2\/types\/product"}],"replies":[{"embeddable":true,"href":"https:\/\/moukat.store\/index.php\/wp-json\/wp\/v2\/comments?post=6135"}],"wp:featuredmedia":[{"embeddable":true,"href":"https:\/\/moukat.store\/index.php\/wp-json\/wp\/v2\/media\/6029"}],"wp:attachment":[{"href":"https:\/\/moukat.store\/index.php\/wp-json\/wp\/v2\/media?parent=6135"}],"wp:term":[{"taxonomy":"product_brand","embeddable":true,"href":"https:\/\/moukat.store\/index.php\/wp-json\/wp\/v2\/product_brand?post=6135"},{"taxonomy":"product_cat","embeddable":true,"href":"https:\/\/moukat.store\/index.php\/wp-json\/wp\/v2\/product_cat?post=6135"},{"taxonomy":"product_tag","embeddable":true,"href":"https:\/\/moukat.store\/index.php\/wp-json\/wp\/v2\/product_tag?post=6135"}],"curies":[{"name":"wp","href":"https:\/\/api.w.org\/{rel}","templated":true}]}}