{"id":6146,"date":"2025-11-12T20:52:57","date_gmt":"2025-11-12T20:52:57","guid":{"rendered":"https:\/\/moukat.store\/?post_type=product&#038;p=6146"},"modified":"2025-11-12T20:52:57","modified_gmt":"2025-11-12T20:52:57","slug":"education-a-la-sexualite-prevention-du-sida-au-senegal-lecole-et-les-enseignants-en-premiere-ligne","status":"publish","type":"product","link":"https:\/\/moukat.store\/index.php\/product\/education-a-la-sexualite-prevention-du-sida-au-senegal-lecole-et-les-enseignants-en-premiere-ligne\/","title":{"rendered":"\u00c9ducation \u00e0 la sexualit\u00e9 pr\u00e9vention du sida au s\u00e9n\u00e9gal : l&rsquo;\u00e9cole et les enseignants en premi\u00e8re ligne"},"content":{"rendered":"","protected":false},"excerpt":{"rendered":"<p>D&rsquo;une \u00e9tude des d\u00e9terminants de l&rsquo;activit\u00e9 \u00e0 des propositions politiques<\/p>\n<p>Auteur <strong>FATOU DIAGNE et DIDIER JOURDAN<\/strong><\/p>\n","protected":false},"featured_media":6051,"comment_status":"open","ping_status":"closed","template":"","meta":{"content-type":"","_monsterinsights_skip_tracking":false,"_monsterinsights_sitenote_active":false,"_monsterinsights_sitenote_note":"","_monsterinsights_sitenote_category":0},"product_brand":[],"product_cat":[208],"product_tag":[],"class_list":{"0":"post-6146","1":"product","2":"type-product","3":"status-publish","4":"has-post-thumbnail","6":"product_cat-presse-universitaire","8":"first","9":"instock","10":"taxable","11":"shipping-taxable","12":"purchasable","13":"product-type-simple"},"aioseo_notices":[],"jetpack_sharing_enabled":true,"_links":{"self":[{"href":"https:\/\/moukat.store\/index.php\/wp-json\/wp\/v2\/product\/6146","targetHints":{"allow":["GET"]}}],"collection":[{"href":"https:\/\/moukat.store\/index.php\/wp-json\/wp\/v2\/product"}],"about":[{"href":"https:\/\/moukat.store\/index.php\/wp-json\/wp\/v2\/types\/product"}],"replies":[{"embeddable":true,"href":"https:\/\/moukat.store\/index.php\/wp-json\/wp\/v2\/comments?post=6146"}],"wp:featuredmedia":[{"embeddable":true,"href":"https:\/\/moukat.store\/index.php\/wp-json\/wp\/v2\/media\/6051"}],"wp:attachment":[{"href":"https:\/\/moukat.store\/index.php\/wp-json\/wp\/v2\/media?parent=6146"}],"wp:term":[{"taxonomy":"product_brand","embeddable":true,"href":"https:\/\/moukat.store\/index.php\/wp-json\/wp\/v2\/product_brand?post=6146"},{"taxonomy":"product_cat","embeddable":true,"href":"https:\/\/moukat.store\/index.php\/wp-json\/wp\/v2\/product_cat?post=6146"},{"taxonomy":"product_tag","embeddable":true,"href":"https:\/\/moukat.store\/index.php\/wp-json\/wp\/v2\/product_tag?post=6146"}],"curies":[{"name":"wp","href":"https:\/\/api.w.org\/{rel}","templated":true}]}}