{"id":6158,"date":"2025-11-12T23:11:13","date_gmt":"2025-11-12T23:11:13","guid":{"rendered":"https:\/\/moukat.store\/?post_type=product&#038;p=6158"},"modified":"2025-11-13T13:36:10","modified_gmt":"2025-11-13T13:36:10","slug":"lapport-de-la-gestion-axees-sur-les-resultats-dans-le-management-des-projets","status":"publish","type":"product","link":"https:\/\/moukat.store\/index.php\/product\/lapport-de-la-gestion-axees-sur-les-resultats-dans-le-management-des-projets\/","title":{"rendered":"L&rsquo;APPORT DE LA GESTION AX\u00c9ES SUR LES R\u00c9SULTATS DANS LE MANAGEMENT  DES PROJETS"},"content":{"rendered":"","protected":false},"excerpt":{"rendered":"<p>\u00c9tude de cas au S\u00e9n\u00e9gal et en Guin\u00e9e<\/p>\n<p>Auteur <strong>AMADOU DIALLO<\/strong><\/p>\n","protected":false},"featured_media":6071,"comment_status":"open","ping_status":"closed","template":"","meta":{"content-type":"","_monsterinsights_skip_tracking":false,"_monsterinsights_sitenote_active":false,"_monsterinsights_sitenote_note":"","_monsterinsights_sitenote_category":0},"product_brand":[],"product_cat":[208],"product_tag":[],"class_list":{"0":"post-6158","1":"product","2":"type-product","3":"status-publish","4":"has-post-thumbnail","6":"product_cat-presse-universitaire","8":"first","9":"instock","10":"taxable","11":"shipping-taxable","12":"purchasable","13":"product-type-simple"},"aioseo_notices":[],"jetpack_sharing_enabled":true,"_links":{"self":[{"href":"https:\/\/moukat.store\/index.php\/wp-json\/wp\/v2\/product\/6158","targetHints":{"allow":["GET"]}}],"collection":[{"href":"https:\/\/moukat.store\/index.php\/wp-json\/wp\/v2\/product"}],"about":[{"href":"https:\/\/moukat.store\/index.php\/wp-json\/wp\/v2\/types\/product"}],"replies":[{"embeddable":true,"href":"https:\/\/moukat.store\/index.php\/wp-json\/wp\/v2\/comments?post=6158"}],"wp:featuredmedia":[{"embeddable":true,"href":"https:\/\/moukat.store\/index.php\/wp-json\/wp\/v2\/media\/6071"}],"wp:attachment":[{"href":"https:\/\/moukat.store\/index.php\/wp-json\/wp\/v2\/media?parent=6158"}],"wp:term":[{"taxonomy":"product_brand","embeddable":true,"href":"https:\/\/moukat.store\/index.php\/wp-json\/wp\/v2\/product_brand?post=6158"},{"taxonomy":"product_cat","embeddable":true,"href":"https:\/\/moukat.store\/index.php\/wp-json\/wp\/v2\/product_cat?post=6158"},{"taxonomy":"product_tag","embeddable":true,"href":"https:\/\/moukat.store\/index.php\/wp-json\/wp\/v2\/product_tag?post=6158"}],"curies":[{"name":"wp","href":"https:\/\/api.w.org\/{rel}","templated":true}]}}