{"id":6196,"date":"2025-11-13T12:24:08","date_gmt":"2025-11-13T12:24:08","guid":{"rendered":"https:\/\/moukat.store\/?post_type=product&#038;p=6196"},"modified":"2025-11-16T01:51:06","modified_gmt":"2025-11-16T01:51:06","slug":"le-suivi-evaluation-axe-sur-les-resultats","status":"publish","type":"product","link":"https:\/\/moukat.store\/index.php\/product\/le-suivi-evaluation-axe-sur-les-resultats\/","title":{"rendered":"LE SUIVI-\u00c9VALUATION AX\u00c9 SUR LES R\u00c9SULTATS"},"content":{"rendered":"","protected":false},"excerpt":{"rendered":"<p>Une d\u00e9marche, des outils<\/p>\n<p>Auteur <strong>OUMAR EL FOUTIYOU BA\u00a0<\/strong><\/p>\n","protected":false},"featured_media":6240,"comment_status":"open","ping_status":"closed","template":"","meta":{"content-type":"","_monsterinsights_skip_tracking":false,"_monsterinsights_sitenote_active":false,"_monsterinsights_sitenote_note":"","_monsterinsights_sitenote_category":0},"product_brand":[],"product_cat":[208],"product_tag":[],"class_list":{"0":"post-6196","1":"product","2":"type-product","3":"status-publish","4":"has-post-thumbnail","6":"product_cat-presse-universitaire","8":"first","9":"instock","10":"taxable","11":"shipping-taxable","12":"purchasable","13":"product-type-simple"},"aioseo_notices":[],"jetpack_sharing_enabled":true,"_links":{"self":[{"href":"https:\/\/moukat.store\/index.php\/wp-json\/wp\/v2\/product\/6196","targetHints":{"allow":["GET"]}}],"collection":[{"href":"https:\/\/moukat.store\/index.php\/wp-json\/wp\/v2\/product"}],"about":[{"href":"https:\/\/moukat.store\/index.php\/wp-json\/wp\/v2\/types\/product"}],"replies":[{"embeddable":true,"href":"https:\/\/moukat.store\/index.php\/wp-json\/wp\/v2\/comments?post=6196"}],"wp:featuredmedia":[{"embeddable":true,"href":"https:\/\/moukat.store\/index.php\/wp-json\/wp\/v2\/media\/6240"}],"wp:attachment":[{"href":"https:\/\/moukat.store\/index.php\/wp-json\/wp\/v2\/media?parent=6196"}],"wp:term":[{"taxonomy":"product_brand","embeddable":true,"href":"https:\/\/moukat.store\/index.php\/wp-json\/wp\/v2\/product_brand?post=6196"},{"taxonomy":"product_cat","embeddable":true,"href":"https:\/\/moukat.store\/index.php\/wp-json\/wp\/v2\/product_cat?post=6196"},{"taxonomy":"product_tag","embeddable":true,"href":"https:\/\/moukat.store\/index.php\/wp-json\/wp\/v2\/product_tag?post=6196"}],"curies":[{"name":"wp","href":"https:\/\/api.w.org\/{rel}","templated":true}]}}