{"id":6202,"date":"2025-11-13T12:52:02","date_gmt":"2025-11-13T12:52:02","guid":{"rendered":"https:\/\/moukat.store\/?post_type=product&#038;p=6202"},"modified":"2025-11-16T01:33:26","modified_gmt":"2025-11-16T01:33:26","slug":"senegal-quant-la-trajectoire-de-croissance-de-leconomie-disqualifie-les-qualifies","status":"publish","type":"product","link":"https:\/\/moukat.store\/index.php\/product\/senegal-quant-la-trajectoire-de-croissance-de-leconomie-disqualifie-les-qualifies\/","title":{"rendered":"S\u00c9N\u00c9GAL : QUANT LA TRAJECTOIRE DE CROISSANCE DE L&rsquo;\u00c9CONOMIE DISQUALIFIE LES QUALIFI\u00c9S"},"content":{"rendered":"","protected":false},"excerpt":{"rendered":"<p>Auteur <strong>JOE CABRAL<\/strong><\/p>\n","protected":false},"featured_media":6234,"comment_status":"open","ping_status":"closed","template":"","meta":{"content-type":"","_monsterinsights_skip_tracking":false,"_monsterinsights_sitenote_active":false,"_monsterinsights_sitenote_note":"","_monsterinsights_sitenote_category":0},"product_brand":[],"product_cat":[208],"product_tag":[],"class_list":{"0":"post-6202","1":"product","2":"type-product","3":"status-publish","4":"has-post-thumbnail","6":"product_cat-presse-universitaire","8":"first","9":"instock","10":"taxable","11":"shipping-taxable","12":"purchasable","13":"product-type-simple"},"aioseo_notices":[],"jetpack_sharing_enabled":true,"_links":{"self":[{"href":"https:\/\/moukat.store\/index.php\/wp-json\/wp\/v2\/product\/6202","targetHints":{"allow":["GET"]}}],"collection":[{"href":"https:\/\/moukat.store\/index.php\/wp-json\/wp\/v2\/product"}],"about":[{"href":"https:\/\/moukat.store\/index.php\/wp-json\/wp\/v2\/types\/product"}],"replies":[{"embeddable":true,"href":"https:\/\/moukat.store\/index.php\/wp-json\/wp\/v2\/comments?post=6202"}],"wp:featuredmedia":[{"embeddable":true,"href":"https:\/\/moukat.store\/index.php\/wp-json\/wp\/v2\/media\/6234"}],"wp:attachment":[{"href":"https:\/\/moukat.store\/index.php\/wp-json\/wp\/v2\/media?parent=6202"}],"wp:term":[{"taxonomy":"product_brand","embeddable":true,"href":"https:\/\/moukat.store\/index.php\/wp-json\/wp\/v2\/product_brand?post=6202"},{"taxonomy":"product_cat","embeddable":true,"href":"https:\/\/moukat.store\/index.php\/wp-json\/wp\/v2\/product_cat?post=6202"},{"taxonomy":"product_tag","embeddable":true,"href":"https:\/\/moukat.store\/index.php\/wp-json\/wp\/v2\/product_tag?post=6202"}],"curies":[{"name":"wp","href":"https:\/\/api.w.org\/{rel}","templated":true}]}}